{"id":1762,"date":"2020-02-11T16:18:58","date_gmt":"2020-02-11T15:18:58","guid":{"rendered":"https:\/\/lasezam.pl\/?page_id=1762"},"modified":"2024-08-05T18:55:10","modified_gmt":"2024-08-05T16:55:10","slug":"1762-2","status":"publish","type":"page","link":"https:\/\/lasezam.pl\/es\/reglamento\/","title":{"rendered":"REGLAMENTO"},"content":{"rendered":"<p>&nbsp;<\/p>\n<p>V\u00e1lido en el Sal\u00f3n de billar \u201cLa Sezam\u201d denominado abreviadamente \u201cel Sal\u00f3n\u201d.<\/p>\n<ol>\n<li>El cliente es el responsable del control del tiempo del juego.<\/li>\n<li>Mientras la mesa de billar est\u00e1 en uso, el cliente no puede abandonar la sala de juego sin haber pagado\/ cerrado la cuenta previamente.<\/li>\n<li>El tiempo de juego se calcula a partir del momento de encender la luz sobre la mesa de billar asignada.<\/li>\n<li>El tiempo de juego se calcula incluyendo los segundos seg\u00fan la tarifa actual por hora presentada en la lista de los precios.<\/li>\n<li>Con el fin de empezar a usar la mesa reservada, el cliente debe presentarse en el club ante el personal, no m\u00e1s tarde que 5 minutos antes de la hora fijada de la reserva.<\/li>\n<li>En caso de no presentarse en el lugar para disponer de la mesa de billar, a la hora fijada, como indica el punto superior, el personal del local tiene derecho a anular la reserva despu\u00e9s de haber pasado 5 siguientes minutos despu\u00e9s de la hora declarada por el cliente. Si la persona que realiza la reserva informa sobre el retraso antes de la hora de la reserva, el personal del local puede prolongar el tiempo de espera a los clientes atrasados hasta m\u00e1ximo 10 minutos, sin embargo tiene derecho a tomar una decisi\u00f3n aut\u00f3noma al respecto.<\/li>\n<li>Por el equipamiento confiado responde el jugador\/ la persona que est\u00e1 de turno y est\u00e1 usando la mesa.<\/li>\n<li>Por los da\u00f1os del equipamiento responde el jugador en forma de multas:<\/li>\n<li>La rotura o da\u00f1o del taco: 150zl<\/li>\n<li>El da\u00f1o del tapizado que cause la necesidad de sustituir el bien defectuoso: 1000zl<\/li>\n<li>El da\u00f1o del tapizado que cause el detenimiento del uso de la mesa, por ejemplo por tirar una bebida, un da\u00f1o hecho a prop\u00f3sito.<\/li>\n<li>El da\u00f1o de las bolas o su p\u00e9rdida (hasta 3 unds): 150zl<\/li>\n<li>El da\u00f1o de las bolas o su p\u00e9rdida en cantidad que el sal\u00f3n tendr\u00eda que adquirir un nuevo juego de bolas: 500zl.<\/li>\n<li>La manipulaci\u00f3n que cause el desnivel de la mesa (levantar, bajar, desplazar) que provoque la necesidad de llamar al servicio t\u00e9cnico: 800zl<\/li>\n<li>Da\u00f1o duradero de una l\u00e1mpara: 500 zl.<\/li>\n<li>En el club est\u00e1 prohibido acercarse a las mesas de billar con objetos que podr\u00edan causar da\u00f1o o suciedad.<\/li>\n<li>En caso de recibir el equipamiento da\u00f1ado, rogamos que avise inmediatamente al personal del sal\u00f3n.<\/li>\n<li>Se proh\u00edbe colocar objetos que no sean equipamiento del juego sobre la mesa de billar.<\/li>\n<li>El personal del club tiene derecho a:<\/li>\n<li>Denegar el acceso de la mesa de juego a las personas que presenten se\u00f1ales de embriaguez o con un comportamiento inadecuado.<\/li>\n<li>Expulsar del club a las personas que no cumplen el presente reglamento o que impiden el juego a los dem\u00e1s jugadores del sal\u00f3n.<\/li>\n<li>Interrumpir el juego a las personas que no cumplen el presente reglamento y exigir la devoluci\u00f3n inmediata del equipamiento confiado.<\/li>\n<li>Est\u00e1 prohibido entrar con alimentos y bebidas del exterior.<\/li>\n<li>Est\u00e1 totalmente prohibido fumar en el local.<\/li>\n<li>Los costes del billar se rigen por la lista de los precios disponible en el local.<\/li>\n<li>Una vez terminado el juego se debe devolver las bolas al bar y hacer accesible el lugar alrededor de la mesa.<\/li>\n<li>Cada persona presente en el Sal\u00f3n de billar La Sezam acepta el presente Reglamento.<\/li>\n<li>Cuando la ocupaci\u00f3n de las mesas en la sala es inferior a 3, el Sal\u00f3n de billar La Sezam se reserva el derecho a cerrar el local antes de la hora.<\/li>\n<li>El sal\u00f3n de billar La Sezam est\u00e1 dividido en dos partes:<\/li>\n<li>La zona del bar: es una zona donde se encuentran clientes que no alquilan la\/s mesa\/s de billar o los clientes que est\u00e1n esperando una mesa.<\/li>\n<li>La zona del juego: es una zona accesible solamente para quienes alquilaron la mesa de billar. Estas personas tienen acceso a la zona del juego durante todo el tiempo del alquiler de la mesa.<\/li>\n<li>Est\u00e1 prohibido el acceso a la zona de juego para las personas que no tienen turno para usar la mesa.<\/li>\n<li>Todos los puntos no regularizados por este Reglamento determina el propietario del club o la persona autorizada (p.ej. el gerente del local) y es su decisi\u00f3n aut\u00f3noma.<\/li>\n<li>Salony Bilardowe Sz.Wo\u0142oszyn, K. Wr\u00f3bel S.C. no son responsables de los bienes materiales que traen los clientes y otros visitantes al local. Se refiere tanto a la cuesti\u00f3n del cuidado de las cosas, su seguro y su da\u00f1o involuntario.<\/li>\n<li>En el Sal\u00f3n rige la prohibici\u00f3n absoluta de entrar con los animales.<\/li>\n<\/ol>\n<p><\/p>","protected":false},"excerpt":{"rendered":"<p>&nbsp; V\u00e1lido en el Sal\u00f3n de billar \u201cLa Sezam\u201d denominado abreviadamente \u201cel Sal\u00f3n\u201d. El cliente es el responsable del control del tiempo del juego. Mientras la mesa de billar est\u00e1 en uso, el cliente no puede abandonar la sala de juego sin haber pagado\/ cerrado la cuenta previamente. El tiempo de juego se calcula a [&hellip;]<\/p>\n","protected":false},"author":2,"featured_media":0,"parent":0,"menu_order":0,"comment_status":"closed","ping_status":"closed","template":"","meta":[],"yoast_head":"<!-- This site is optimized with the Yoast SEO plugin v14.9 - https:\/\/yoast.com\/wordpress\/plugins\/seo\/ -->\n<title>REGLAMENTO | La Sezam<\/title>\n<meta name=\"robots\" content=\"index, follow, max-snippet:-1, max-image-preview:large, max-video-preview:-1\" \/>\n<link rel=\"canonical\" href=\"https:\/\/lasezam.pl\/regulamin-klubu\/\" \/>\n<meta property=\"og:locale\" content=\"es_ES\" \/>\n<meta property=\"og:type\" content=\"article\" \/>\n<meta property=\"og:title\" content=\"[:pl]REGULAMIN[:en]Rules and Regulations[:es]REGLAMENTO[:] | La Sezam\" \/>\n<meta property=\"og:description\" content=\"&nbsp; V\u00e1lido en el Sal\u00f3n de billar \u201cLa Sezam\u201d denominado abreviadamente \u201cel Sal\u00f3n\u201d. El cliente es el responsable del control del tiempo del juego. Mientras la mesa de billar est\u00e1 en uso, el cliente no puede abandonar la sala de juego sin haber pagado\/ cerrado la cuenta previamente. El tiempo de juego se calcula a [&hellip;]\" \/>\n<meta property=\"og:url\" content=\"https:\/\/lasezam.pl\/regulamin-klubu\/\" \/>\n<meta property=\"og:site_name\" content=\"La Sezam\" \/>\n<meta property=\"article:modified_time\" content=\"2024-08-05T16:55:10+00:00\" \/>\n<meta property=\"og:image\" content=\"https:\/\/lasezam.pl\/wp-content\/uploads\/2024\/08\/Regulamin-ogolny-i-strefy-bilardowej-La-Sezam_page-0001-min-724x1024.jpg\" \/>\n<meta name=\"twitter:card\" content=\"summary_large_image\" \/>\n<script type=\"application\/ld+json\" class=\"yoast-schema-graph\">{\"@context\":\"https:\/\/schema.org\",\"@graph\":[{\"@type\":\"WebSite\",\"@id\":\"https:\/\/lasezam.pl\/es\/#website\",\"url\":\"https:\/\/lasezam.pl\/es\/\",\"name\":\"La Sezam\",\"description\":\"| Najlepszy klub bilardowy we Wroc\\u0142awiu\",\"potentialAction\":[{\"@type\":\"SearchAction\",\"target\":\"https:\/\/lasezam.pl\/es\/?s={search_term_string}\",\"query-input\":\"required name=search_term_string\"}],\"inLanguage\":\"es\"},{\"@type\":\"ImageObject\",\"@id\":\"https:\/\/lasezam.pl\/regulamin-klubu\/#primaryimage\",\"inLanguage\":\"es\",\"url\":\"https:\/\/lasezam.pl\/wp-content\/uploads\/2024\/08\/Regulamin-ogolny-i-strefy-bilardowej-La-Sezam_page-0001-min-scaled.jpg\",\"width\":1810,\"height\":2560},{\"@type\":\"WebPage\",\"@id\":\"https:\/\/lasezam.pl\/regulamin-klubu\/#webpage\",\"url\":\"https:\/\/lasezam.pl\/regulamin-klubu\/\",\"name\":\"[:pl]REGULAMIN[:en]Rules and Regulations[:es]REGLAMENTO[:] | La Sezam\",\"isPartOf\":{\"@id\":\"https:\/\/lasezam.pl\/es\/#website\"},\"primaryImageOfPage\":{\"@id\":\"https:\/\/lasezam.pl\/regulamin-klubu\/#primaryimage\"},\"datePublished\":\"2020-02-11T15:18:58+00:00\",\"dateModified\":\"2024-08-05T16:55:10+00:00\",\"inLanguage\":\"es\",\"potentialAction\":[{\"@type\":\"ReadAction\",\"target\":[\"https:\/\/lasezam.pl\/regulamin-klubu\/\"]}]}]}<\/script>\n<!-- \/ Yoast SEO plugin. -->","_links":{"self":[{"href":"https:\/\/lasezam.pl\/es\/wp-json\/wp\/v2\/pages\/1762"}],"collection":[{"href":"https:\/\/lasezam.pl\/es\/wp-json\/wp\/v2\/pages"}],"about":[{"href":"https:\/\/lasezam.pl\/es\/wp-json\/wp\/v2\/types\/page"}],"author":[{"embeddable":true,"href":"https:\/\/lasezam.pl\/es\/wp-json\/wp\/v2\/users\/2"}],"replies":[{"embeddable":true,"href":"https:\/\/lasezam.pl\/es\/wp-json\/wp\/v2\/comments?post=1762"}],"version-history":[{"count":14,"href":"https:\/\/lasezam.pl\/es\/wp-json\/wp\/v2\/pages\/1762\/revisions"}],"predecessor-version":[{"id":3415,"href":"https:\/\/lasezam.pl\/es\/wp-json\/wp\/v2\/pages\/1762\/revisions\/3415"}],"wp:attachment":[{"href":"https:\/\/lasezam.pl\/es\/wp-json\/wp\/v2\/media?parent=1762"}],"curies":[{"name":"wp","href":"https:\/\/api.w.org\/{rel}","templated":true}]}}